{"id":8,"date":"2017-05-13T11:09:40","date_gmt":"2017-05-13T11:09:40","guid":{"rendered":"https:\/\/www.topvidentes.com\/conchi\/?page_id=8"},"modified":"2020-02-24T15:18:31","modified_gmt":"2020-02-24T15:18:31","slug":"psicologa-del-alma","status":"publish","type":"page","link":"https:\/\/www.topvidentes.com\/conchi\/psicologa-del-alma\/","title":{"rendered":"Psic\u00f3loga del alma"},"content":{"rendered":"<p><img loading=\"lazy\" decoding=\"async\" class=\"alignleft size-full wp-image-27\" src=\"https:\/\/www.topvidentes.com\/conchi\/wp-content\/uploads\/2017\/05\/conchi-2.jpg\" alt=\"\" width=\"400\" height=\"600\" srcset=\"https:\/\/www.topvidentes.com\/conchi\/wp-content\/uploads\/2017\/05\/conchi-2.jpg 400w, https:\/\/www.topvidentes.com\/conchi\/wp-content\/uploads\/2017\/05\/conchi-2-200x300.jpg 200w\" sizes=\"auto, (max-width: 400px) 100vw, 400px\" \/><\/p>\n<h2>Tienes un gran poder dentro de ti<\/h2>\n<p>Las heridas de tu coraz\u00f3n buscan ser curadas.<\/p>\n<p>Es cierto que los malos momentos nos vuelven m\u00e1s fuertes y nos permiten conocernos y saber qu\u00e9 es lo que queremos en nuestra vida. Pero ya est\u00e1 bien. T\u00fa ya has sufrido suficiente.<\/p>\n<p>Eres un ser libre, en lo m\u00e1s profundo de tu alma. S\u00f3lo necesitas encontrar ese sentimiento de liberaci\u00f3n dentro de ti.<\/p>\n<p>Si\u00e9ntete libre para elegir pareja. Cuando por fin abraces tu libertad, ser\u00e1 cuando podr\u00e1s encontrar una pareja por las razones adecuadas: <strong>La raz\u00f3n por la que estar\u00e1s con \u00e9l ser\u00e1 que le amas, en vez de que te aterroriza quedarte sola.<\/strong><\/p>\n<div class=\"one-third first\" style=\"text-align: center; margin-bottom: 15px; color: #ffffff;\"><a class=\"myButton\" href=\"tel:806430465\" rel=\"nofollow\">Llama ahora a Conchi<br \/>\n806 430 465<\/a><\/div>\n<div class=\"one-third\" style=\"text-align: center; margin-bottom: 15px; color: #ffffff;\"><a class=\"myButton2\" style=\"text-align: center;\" href=\"tel:942010240\" rel=\"nofollow\">Llamada local,<br \/>\npagas con tarjeta 942 010 240<\/a><\/div>\n<div class=\"one-third\" style=\"text-align: center; padding-bottom: 60px; margin-bottom: 15px; color: #ffffff;\"><a class=\"myButton3\" style=\"text-align: center;\" href=\"https:\/\/tfno.es\/amp\/?o=Conchi\" target=\"_blank\" rel=\"nofollow noopener noreferrer\">Pago con tarjeta,<br \/>\nLLAMADA GRATIS<\/a><\/div>\n<div style=\"clear: both;\"><\/div>\n<h2>Me llaman \u201cPsic\u00f3loga del alma\u201d<\/h2>\n<p>En sus or\u00edgenes, la psicolog\u00eda se distingu\u00eda por ser el \u201cestudio del alma\u201d. El verbo griego <em>psykh\u00e9<\/em> significa alma, mente o vida, y aparece siempre representado por una mariposa. La palabra <em>logia<\/em> se refiere al habla o el discurso.<\/p>\n<p>Por eso, las palabras que te regale gracias a mi don de la videncia sanar\u00e1n tu alma.<\/p>\n<p>A trav\u00e9s de mi don especial, te dar\u00e9 las respuestas que buscas desesperadamente. <strong>Estudiaremos con calma tu mente y descubriremos cu\u00e1les son los bloqueos que te est\u00e1n haciendo infeliz.<\/strong><\/p>\n","protected":false},"excerpt":{"rendered":"<p>Tienes un gran poder dentro de ti Las heridas de tu coraz\u00f3n buscan ser curadas. Es cierto que los malos momentos nos vuelven m\u00e1s fuertes y nos permiten conocernos y saber qu\u00e9 es lo que queremos en nuestra vida. Pero ya est\u00e1 bien. T\u00fa ya has sufrido suficiente. Eres un ser libre, en lo m\u00e1s [&hellip;]<\/p>\n","protected":false},"author":1,"featured_media":0,"parent":0,"menu_order":0,"comment_status":"closed","ping_status":"open","template":"","meta":{"_genesis_hide_title":false,"_genesis_hide_breadcrumbs":false,"_genesis_hide_singular_image":false,"_genesis_hide_footer_widgets":false,"_genesis_custom_body_class":"","_genesis_custom_post_class":"","_genesis_layout":"","footnotes":""},"class_list":{"0":"post-8","1":"page","2":"type-page","3":"status-publish","5":"entry"},"yoast_head":"<!-- This site is optimized with the Yoast SEO plugin v26.8 - https:\/\/yoast.com\/product\/yoast-seo-wordpress\/ -->\n<title>Psic\u00f3loga del alma - Conchi Vidente, Psic\u00f3loga del Alma<\/title>\n<meta name=\"robots\" content=\"index, follow, max-snippet:-1, max-image-preview:large, max-video-preview:-1\" \/>\n<link rel=\"canonical\" href=\"https:\/\/www.topvidentes.com\/conchi\/psicologa-del-alma\/\" \/>\n<meta property=\"og:locale\" content=\"es_ES\" \/>\n<meta property=\"og:type\" content=\"article\" \/>\n<meta property=\"og:title\" content=\"Psic\u00f3loga del alma - Conchi Vidente, Psic\u00f3loga del Alma\" \/>\n<meta property=\"og:description\" content=\"Tienes un gran poder dentro de ti Las heridas de tu coraz\u00f3n buscan ser curadas. Es cierto que los malos momentos nos vuelven m\u00e1s fuertes y nos permiten conocernos y saber qu\u00e9 es lo que queremos en nuestra vida. Pero ya est\u00e1 bien. T\u00fa ya has sufrido suficiente. Eres un ser libre, en lo m\u00e1s [&hellip;]\" \/>\n<meta property=\"og:url\" content=\"https:\/\/www.topvidentes.com\/conchi\/psicologa-del-alma\/\" \/>\n<meta property=\"og:site_name\" content=\"Conchi Vidente, Psic\u00f3loga del Alma\" \/>\n<meta property=\"article:modified_time\" content=\"2020-02-24T15:18:31+00:00\" \/>\n<meta property=\"og:image\" content=\"https:\/\/www.topvidentes.com\/conchi\/wp-content\/uploads\/2017\/05\/conchi-2.jpg\" \/>\n<meta name=\"twitter:card\" content=\"summary_large_image\" \/>\n<meta name=\"twitter:label1\" content=\"Tiempo de lectura\" \/>\n\t<meta name=\"twitter:data1\" content=\"1 minuto\" \/>\n<script type=\"application\/ld+json\" class=\"yoast-schema-graph\">{\"@context\":\"https:\/\/schema.org\",\"@graph\":[{\"@type\":\"WebPage\",\"@id\":\"https:\/\/www.topvidentes.com\/conchi\/psicologa-del-alma\/\",\"url\":\"https:\/\/www.topvidentes.com\/conchi\/psicologa-del-alma\/\",\"name\":\"Psic\u00f3loga del alma - Conchi Vidente, Psic\u00f3loga del Alma\",\"isPartOf\":{\"@id\":\"https:\/\/www.topvidentes.com\/conchi\/#website\"},\"primaryImageOfPage\":{\"@id\":\"https:\/\/www.topvidentes.com\/conchi\/psicologa-del-alma\/#primaryimage\"},\"image\":{\"@id\":\"https:\/\/www.topvidentes.com\/conchi\/psicologa-del-alma\/#primaryimage\"},\"thumbnailUrl\":\"https:\/\/www.topvidentes.com\/conchi\/wp-content\/uploads\/2017\/05\/conchi-2.jpg\",\"datePublished\":\"2017-05-13T11:09:40+00:00\",\"dateModified\":\"2020-02-24T15:18:31+00:00\",\"breadcrumb\":{\"@id\":\"https:\/\/www.topvidentes.com\/conchi\/psicologa-del-alma\/#breadcrumb\"},\"inLanguage\":\"es\",\"potentialAction\":[{\"@type\":\"ReadAction\",\"target\":[\"https:\/\/www.topvidentes.com\/conchi\/psicologa-del-alma\/\"]}]},{\"@type\":\"ImageObject\",\"inLanguage\":\"es\",\"@id\":\"https:\/\/www.topvidentes.com\/conchi\/psicologa-del-alma\/#primaryimage\",\"url\":\"https:\/\/www.topvidentes.com\/conchi\/wp-content\/uploads\/2017\/05\/conchi-2.jpg\",\"contentUrl\":\"https:\/\/www.topvidentes.com\/conchi\/wp-content\/uploads\/2017\/05\/conchi-2.jpg\",\"width\":400,\"height\":600},{\"@type\":\"BreadcrumbList\",\"@id\":\"https:\/\/www.topvidentes.com\/conchi\/psicologa-del-alma\/#breadcrumb\",\"itemListElement\":[{\"@type\":\"ListItem\",\"position\":1,\"name\":\"Portada\",\"item\":\"https:\/\/www.topvidentes.com\/conchi\/\"},{\"@type\":\"ListItem\",\"position\":2,\"name\":\"Psic\u00f3loga del alma\"}]},{\"@type\":\"WebSite\",\"@id\":\"https:\/\/www.topvidentes.com\/conchi\/#website\",\"url\":\"https:\/\/www.topvidentes.com\/conchi\/\",\"name\":\"Conchi Vidente, Psic\u00f3loga del Alma\",\"description\":\"\u00bfBuscas sanar tu coraz\u00f3n?\",\"potentialAction\":[{\"@type\":\"SearchAction\",\"target\":{\"@type\":\"EntryPoint\",\"urlTemplate\":\"https:\/\/www.topvidentes.com\/conchi\/?s={search_term_string}\"},\"query-input\":{\"@type\":\"PropertyValueSpecification\",\"valueRequired\":true,\"valueName\":\"search_term_string\"}}],\"inLanguage\":\"es\"}]}<\/script>\n<!-- \/ Yoast SEO plugin. -->","yoast_head_json":{"title":"Psic\u00f3loga del alma - Conchi Vidente, Psic\u00f3loga del Alma","robots":{"index":"index","follow":"follow","max-snippet":"max-snippet:-1","max-image-preview":"max-image-preview:large","max-video-preview":"max-video-preview:-1"},"canonical":"https:\/\/www.topvidentes.com\/conchi\/psicologa-del-alma\/","og_locale":"es_ES","og_type":"article","og_title":"Psic\u00f3loga del alma - Conchi Vidente, Psic\u00f3loga del Alma","og_description":"Tienes un gran poder dentro de ti Las heridas de tu coraz\u00f3n buscan ser curadas. Es cierto que los malos momentos nos vuelven m\u00e1s fuertes y nos permiten conocernos y saber qu\u00e9 es lo que queremos en nuestra vida. Pero ya est\u00e1 bien. T\u00fa ya has sufrido suficiente. Eres un ser libre, en lo m\u00e1s [&hellip;]","og_url":"https:\/\/www.topvidentes.com\/conchi\/psicologa-del-alma\/","og_site_name":"Conchi Vidente, Psic\u00f3loga del Alma","article_modified_time":"2020-02-24T15:18:31+00:00","og_image":[{"url":"https:\/\/www.topvidentes.com\/conchi\/wp-content\/uploads\/2017\/05\/conchi-2.jpg","type":"","width":"","height":""}],"twitter_card":"summary_large_image","twitter_misc":{"Tiempo de lectura":"1 minuto"},"schema":{"@context":"https:\/\/schema.org","@graph":[{"@type":"WebPage","@id":"https:\/\/www.topvidentes.com\/conchi\/psicologa-del-alma\/","url":"https:\/\/www.topvidentes.com\/conchi\/psicologa-del-alma\/","name":"Psic\u00f3loga del alma - Conchi Vidente, Psic\u00f3loga del Alma","isPartOf":{"@id":"https:\/\/www.topvidentes.com\/conchi\/#website"},"primaryImageOfPage":{"@id":"https:\/\/www.topvidentes.com\/conchi\/psicologa-del-alma\/#primaryimage"},"image":{"@id":"https:\/\/www.topvidentes.com\/conchi\/psicologa-del-alma\/#primaryimage"},"thumbnailUrl":"https:\/\/www.topvidentes.com\/conchi\/wp-content\/uploads\/2017\/05\/conchi-2.jpg","datePublished":"2017-05-13T11:09:40+00:00","dateModified":"2020-02-24T15:18:31+00:00","breadcrumb":{"@id":"https:\/\/www.topvidentes.com\/conchi\/psicologa-del-alma\/#breadcrumb"},"inLanguage":"es","potentialAction":[{"@type":"ReadAction","target":["https:\/\/www.topvidentes.com\/conchi\/psicologa-del-alma\/"]}]},{"@type":"ImageObject","inLanguage":"es","@id":"https:\/\/www.topvidentes.com\/conchi\/psicologa-del-alma\/#primaryimage","url":"https:\/\/www.topvidentes.com\/conchi\/wp-content\/uploads\/2017\/05\/conchi-2.jpg","contentUrl":"https:\/\/www.topvidentes.com\/conchi\/wp-content\/uploads\/2017\/05\/conchi-2.jpg","width":400,"height":600},{"@type":"BreadcrumbList","@id":"https:\/\/www.topvidentes.com\/conchi\/psicologa-del-alma\/#breadcrumb","itemListElement":[{"@type":"ListItem","position":1,"name":"Portada","item":"https:\/\/www.topvidentes.com\/conchi\/"},{"@type":"ListItem","position":2,"name":"Psic\u00f3loga del alma"}]},{"@type":"WebSite","@id":"https:\/\/www.topvidentes.com\/conchi\/#website","url":"https:\/\/www.topvidentes.com\/conchi\/","name":"Conchi Vidente, Psic\u00f3loga del Alma","description":"\u00bfBuscas sanar tu coraz\u00f3n?","potentialAction":[{"@type":"SearchAction","target":{"@type":"EntryPoint","urlTemplate":"https:\/\/www.topvidentes.com\/conchi\/?s={search_term_string}"},"query-input":{"@type":"PropertyValueSpecification","valueRequired":true,"valueName":"search_term_string"}}],"inLanguage":"es"}]}},"_links":{"self":[{"href":"https:\/\/www.topvidentes.com\/conchi\/wp-json\/wp\/v2\/pages\/8","targetHints":{"allow":["GET"]}}],"collection":[{"href":"https:\/\/www.topvidentes.com\/conchi\/wp-json\/wp\/v2\/pages"}],"about":[{"href":"https:\/\/www.topvidentes.com\/conchi\/wp-json\/wp\/v2\/types\/page"}],"author":[{"embeddable":true,"href":"https:\/\/www.topvidentes.com\/conchi\/wp-json\/wp\/v2\/users\/1"}],"replies":[{"embeddable":true,"href":"https:\/\/www.topvidentes.com\/conchi\/wp-json\/wp\/v2\/comments?post=8"}],"version-history":[{"count":3,"href":"https:\/\/www.topvidentes.com\/conchi\/wp-json\/wp\/v2\/pages\/8\/revisions"}],"predecessor-version":[{"id":94,"href":"https:\/\/www.topvidentes.com\/conchi\/wp-json\/wp\/v2\/pages\/8\/revisions\/94"}],"wp:attachment":[{"href":"https:\/\/www.topvidentes.com\/conchi\/wp-json\/wp\/v2\/media?parent=8"}],"curies":[{"name":"wp","href":"https:\/\/api.w.org\/{rel}","templated":true}]}}