{"id":10,"date":"2017-05-13T11:10:15","date_gmt":"2017-05-13T11:10:15","guid":{"rendered":"https:\/\/www.topvidentes.com\/conchi\/?page_id=10"},"modified":"2020-02-24T15:19:09","modified_gmt":"2020-02-24T15:19:09","slug":"encuentra-tu-camino","status":"publish","type":"page","link":"https:\/\/www.topvidentes.com\/conchi\/encuentra-tu-camino\/","title":{"rendered":"Encuentra tu camino"},"content":{"rendered":"<p><img loading=\"lazy\" decoding=\"async\" src=\"https:\/\/www.topvidentes.com\/conchi\/wp-content\/uploads\/2017\/05\/conchi-tarot.jpg\" alt=\"\" width=\"600\" height=\"400\" class=\"aligncenter size-full wp-image-30\" srcset=\"https:\/\/www.topvidentes.com\/conchi\/wp-content\/uploads\/2017\/05\/conchi-tarot.jpg 600w, https:\/\/www.topvidentes.com\/conchi\/wp-content\/uploads\/2017\/05\/conchi-tarot-300x200.jpg 300w\" sizes=\"auto, (max-width: 600px) 100vw, 600px\" \/><\/p>\n<div class=\"one-third first\" style=\"text-align:center; margin-bottom:15px; color: #ffffff;\">\n<a href=\"tel:806430465\" class=\"myButton\" onClick=\"fbq('track', 'Lead');ga('send', 'event', { eventCategory: 'call', eventAction: 'click', eventLabel: 'Conchi 806 subweb'});\" rel=\"nofollow\">Llama ahora a Conchi<br \/>806 430 465<\/a>\n<\/div>\n<div class=\"one-third\" style=\"text-align:center; margin-bottom:15px; color: #ffffff;\">\n<a href=\"tel:942010240\" class=\"myButton2\" style=\"text-align:center\" onClick=\"fbq('track', 'Lead');ga('send', 'event', { eventCategory: 'call', eventAction: 'click', eventLabel: 'Conchi Visa subweb'});\" rel=\"nofollow\">Llamada local,<br \/>pagas con tarjeta 942 010 240<\/a>\n<\/div>\n<div class=\"one-third\" style=\"text-align:center; padding-bottom:60px; margin-bottom:15px; color: #ffffff;\">\n<a href=\"https:\/\/tfno.es\/amp\/?o=Conchi\" class=\"myButton3\" target=\"_blank\" rel=\"nofollow noopener noreferrer\" style=\"text-align:center\" onClick=\"fbq('track', 'Lead');ga('send', 'event', { eventCategory: 'call', eventAction: 'click', eventLabel: 'Conchi C2T subweb'});\">Pago con tarjeta,<br \/>LLAMADA GRATIS<\/a>\n<\/div>\n<div style=\"clear: both;\"><\/div>\n<h2>Te mereces pertenecer a ti misma y a alguien especial<\/h2>\n<p>Entiendo c\u00f3mo te sientes porque yo tambi\u00e9n he estado ah\u00ed.<\/p>\n<p>Durante meses, a la tierna edad de veinte a\u00f1os, me sent\u00ed perdida. Mi cuerpo me estaba diciendo que algo iba mal, que hab\u00eda algo importante que yo no estaba escuchando. <strong>Y de repente entend\u00ed que deb\u00eda tomar una decisi\u00f3n importante.<\/strong><\/p>\n<p>La vida ten\u00eda un plan para m\u00ed. Yo ten\u00eda que dar un mensaje, deb\u00eda comenzar una metodolog\u00eda de lectura del tarot que cambiase la manera en la que las personas viv\u00edan.<\/p>\n<p>As\u00ed que me puse en pie por m\u00ed misma y tom\u00e9 la decisi\u00f3n de actuar de acuerdo con mis valores y con lo que la vida quer\u00eda de m\u00ed \u2014mi don, el universo y los astros\u2014.<\/p>\n<p>Mi mensaje es m\u00e1s grande que yo misma. Y por eso necesito entreg\u00e1rselo al mundo.<img loading=\"lazy\" decoding=\"async\" src=\"https:\/\/www.topvidentes.com\/conchi\/wp-content\/uploads\/2017\/05\/conchi-encuentra-tu-camino.jpg\" alt=\"\" width=\"600\" height=\"400\" class=\"aligncenter size-full wp-image-29\" srcset=\"https:\/\/www.topvidentes.com\/conchi\/wp-content\/uploads\/2017\/05\/conchi-encuentra-tu-camino.jpg 600w, https:\/\/www.topvidentes.com\/conchi\/wp-content\/uploads\/2017\/05\/conchi-encuentra-tu-camino-300x200.jpg 300w\" sizes=\"auto, (max-width: 600px) 100vw, 600px\" \/><\/p>\n<div class=\"one-third first\" style=\"text-align:center; margin-bottom:15px; color: #ffffff;\">\n<a href=\"tel:806430465\" class=\"myButton\" onClick=\"fbq('track', 'Lead');ga('send', 'event', { eventCategory: 'call', eventAction: 'click', eventLabel: 'Conchi 806 subweb'});\" rel=\"nofollow\">Llama ahora a Conchi<br \/>806 430 465<\/a>\n<\/div>\n<div class=\"one-third\" style=\"text-align:center; margin-bottom:15px; color: #ffffff;\">\n<a href=\"tel:942010240\" class=\"myButton2\" style=\"text-align:center\" onClick=\"fbq('track', 'Lead');ga('send', 'event', { eventCategory: 'call', eventAction: 'click', eventLabel: 'Conchi Visa subweb'});\" rel=\"nofollow\">Llamada local,<br \/>pagas con tarjeta 942 010 240<\/a>\n<\/div>\n<div class=\"one-third\" style=\"text-align:center; padding-bottom:60px; margin-bottom:15px; color: #ffffff;\">\n<a href=\"https:\/\/tfno.es\/amp\/?o=Conchi\" class=\"myButton3\" target=\"_blank\" rel=\"nofollow noopener noreferrer\" style=\"text-align:center\" onClick=\"fbq('track', 'Lead');ga('send', 'event', { eventCategory: 'call', eventAction: 'click', eventLabel: 'Conchi C2T subweb'});\">Pago con tarjeta,<br \/>LLAMADA GRATIS<\/a>\n<\/div>\n<div style=\"clear: both;\"><\/div>\n<h2>\u00bfQu\u00e9 te est\u00e1 diciendo tu instinto?<\/h2>\n<p>La verdad de vivir una buena vida es: Conf\u00eda en ti misma.<\/p>\n<p>Conf\u00eda en ti y abraza tu poder interior.<\/p>\n<p>Al principio es dif\u00edcil aceptar que somos poderosas. Tu mente te repite constantemente que eres una in\u00fatil y una tonta.<\/p>\n<p>Pero, \u00bfsabes qu\u00e9? Tu mente te enga\u00f1a.<\/p>\n<p><strong>Conf\u00eda en ti misma y en tu instinto porque as\u00ed crecer\u00e1s. Te har\u00e1s poderosa. <\/strong><\/p>\n<p>Rompe los pensamientos negativos y empieza a recorrer el camino de la seguridad y la confianza.<\/p>\n","protected":false},"excerpt":{"rendered":"<p>Llama ahora a Conchi806 430 465 Llamada local,pagas con tarjeta 942 010 240 Pago con tarjeta,LLAMADA GRATIS Te mereces pertenecer a ti misma y a alguien especial Entiendo c\u00f3mo te sientes porque yo tambi\u00e9n he estado ah\u00ed. Durante meses, a la tierna edad de veinte a\u00f1os, me sent\u00ed perdida. Mi cuerpo me estaba diciendo que [&hellip;]<\/p>\n","protected":false},"author":1,"featured_media":0,"parent":0,"menu_order":0,"comment_status":"closed","ping_status":"open","template":"","meta":{"_genesis_hide_title":false,"_genesis_hide_breadcrumbs":false,"_genesis_hide_singular_image":false,"_genesis_hide_footer_widgets":false,"_genesis_custom_body_class":"","_genesis_custom_post_class":"","_genesis_layout":"","footnotes":""},"class_list":{"0":"post-10","1":"page","2":"type-page","3":"status-publish","5":"entry"},"yoast_head":"<!-- This site is optimized with the Yoast SEO plugin v26.8 - https:\/\/yoast.com\/product\/yoast-seo-wordpress\/ -->\n<title>Encuentra tu camino - Conchi Vidente, Psic\u00f3loga del Alma<\/title>\n<meta name=\"robots\" content=\"index, follow, max-snippet:-1, max-image-preview:large, max-video-preview:-1\" \/>\n<link rel=\"canonical\" href=\"https:\/\/www.topvidentes.com\/conchi\/encuentra-tu-camino\/\" \/>\n<meta property=\"og:locale\" content=\"es_ES\" \/>\n<meta property=\"og:type\" content=\"article\" \/>\n<meta property=\"og:title\" content=\"Encuentra tu camino - Conchi Vidente, Psic\u00f3loga del Alma\" \/>\n<meta property=\"og:description\" content=\"Llama ahora a Conchi806 430 465 Llamada local,pagas con tarjeta 942 010 240 Pago con tarjeta,LLAMADA GRATIS Te mereces pertenecer a ti misma y a alguien especial Entiendo c\u00f3mo te sientes porque yo tambi\u00e9n he estado ah\u00ed. Durante meses, a la tierna edad de veinte a\u00f1os, me sent\u00ed perdida. Mi cuerpo me estaba diciendo que [&hellip;]\" \/>\n<meta property=\"og:url\" content=\"https:\/\/www.topvidentes.com\/conchi\/encuentra-tu-camino\/\" \/>\n<meta property=\"og:site_name\" content=\"Conchi Vidente, Psic\u00f3loga del Alma\" \/>\n<meta property=\"article:modified_time\" content=\"2020-02-24T15:19:09+00:00\" \/>\n<meta property=\"og:image\" content=\"https:\/\/www.topvidentes.com\/conchi\/wp-content\/uploads\/2017\/05\/conchi-tarot.jpg\" \/>\n<meta name=\"twitter:card\" content=\"summary_large_image\" \/>\n<meta name=\"twitter:label1\" content=\"Tiempo de lectura\" \/>\n\t<meta name=\"twitter:data1\" content=\"1 minuto\" \/>\n<script type=\"application\/ld+json\" class=\"yoast-schema-graph\">{\"@context\":\"https:\/\/schema.org\",\"@graph\":[{\"@type\":\"WebPage\",\"@id\":\"https:\/\/www.topvidentes.com\/conchi\/encuentra-tu-camino\/\",\"url\":\"https:\/\/www.topvidentes.com\/conchi\/encuentra-tu-camino\/\",\"name\":\"Encuentra tu camino - Conchi Vidente, Psic\u00f3loga del Alma\",\"isPartOf\":{\"@id\":\"https:\/\/www.topvidentes.com\/conchi\/#website\"},\"primaryImageOfPage\":{\"@id\":\"https:\/\/www.topvidentes.com\/conchi\/encuentra-tu-camino\/#primaryimage\"},\"image\":{\"@id\":\"https:\/\/www.topvidentes.com\/conchi\/encuentra-tu-camino\/#primaryimage\"},\"thumbnailUrl\":\"https:\/\/www.topvidentes.com\/conchi\/wp-content\/uploads\/2017\/05\/conchi-tarot.jpg\",\"datePublished\":\"2017-05-13T11:10:15+00:00\",\"dateModified\":\"2020-02-24T15:19:09+00:00\",\"breadcrumb\":{\"@id\":\"https:\/\/www.topvidentes.com\/conchi\/encuentra-tu-camino\/#breadcrumb\"},\"inLanguage\":\"es\",\"potentialAction\":[{\"@type\":\"ReadAction\",\"target\":[\"https:\/\/www.topvidentes.com\/conchi\/encuentra-tu-camino\/\"]}]},{\"@type\":\"ImageObject\",\"inLanguage\":\"es\",\"@id\":\"https:\/\/www.topvidentes.com\/conchi\/encuentra-tu-camino\/#primaryimage\",\"url\":\"https:\/\/www.topvidentes.com\/conchi\/wp-content\/uploads\/2017\/05\/conchi-tarot.jpg\",\"contentUrl\":\"https:\/\/www.topvidentes.com\/conchi\/wp-content\/uploads\/2017\/05\/conchi-tarot.jpg\",\"width\":600,\"height\":400},{\"@type\":\"BreadcrumbList\",\"@id\":\"https:\/\/www.topvidentes.com\/conchi\/encuentra-tu-camino\/#breadcrumb\",\"itemListElement\":[{\"@type\":\"ListItem\",\"position\":1,\"name\":\"Portada\",\"item\":\"https:\/\/www.topvidentes.com\/conchi\/\"},{\"@type\":\"ListItem\",\"position\":2,\"name\":\"Encuentra tu camino\"}]},{\"@type\":\"WebSite\",\"@id\":\"https:\/\/www.topvidentes.com\/conchi\/#website\",\"url\":\"https:\/\/www.topvidentes.com\/conchi\/\",\"name\":\"Conchi Vidente, Psic\u00f3loga del Alma\",\"description\":\"\u00bfBuscas sanar tu coraz\u00f3n?\",\"potentialAction\":[{\"@type\":\"SearchAction\",\"target\":{\"@type\":\"EntryPoint\",\"urlTemplate\":\"https:\/\/www.topvidentes.com\/conchi\/?s={search_term_string}\"},\"query-input\":{\"@type\":\"PropertyValueSpecification\",\"valueRequired\":true,\"valueName\":\"search_term_string\"}}],\"inLanguage\":\"es\"}]}<\/script>\n<!-- \/ Yoast SEO plugin. -->","yoast_head_json":{"title":"Encuentra tu camino - Conchi Vidente, Psic\u00f3loga del Alma","robots":{"index":"index","follow":"follow","max-snippet":"max-snippet:-1","max-image-preview":"max-image-preview:large","max-video-preview":"max-video-preview:-1"},"canonical":"https:\/\/www.topvidentes.com\/conchi\/encuentra-tu-camino\/","og_locale":"es_ES","og_type":"article","og_title":"Encuentra tu camino - Conchi Vidente, Psic\u00f3loga del Alma","og_description":"Llama ahora a Conchi806 430 465 Llamada local,pagas con tarjeta 942 010 240 Pago con tarjeta,LLAMADA GRATIS Te mereces pertenecer a ti misma y a alguien especial Entiendo c\u00f3mo te sientes porque yo tambi\u00e9n he estado ah\u00ed. Durante meses, a la tierna edad de veinte a\u00f1os, me sent\u00ed perdida. Mi cuerpo me estaba diciendo que [&hellip;]","og_url":"https:\/\/www.topvidentes.com\/conchi\/encuentra-tu-camino\/","og_site_name":"Conchi Vidente, Psic\u00f3loga del Alma","article_modified_time":"2020-02-24T15:19:09+00:00","og_image":[{"url":"https:\/\/www.topvidentes.com\/conchi\/wp-content\/uploads\/2017\/05\/conchi-tarot.jpg","type":"","width":"","height":""}],"twitter_card":"summary_large_image","twitter_misc":{"Tiempo de lectura":"1 minuto"},"schema":{"@context":"https:\/\/schema.org","@graph":[{"@type":"WebPage","@id":"https:\/\/www.topvidentes.com\/conchi\/encuentra-tu-camino\/","url":"https:\/\/www.topvidentes.com\/conchi\/encuentra-tu-camino\/","name":"Encuentra tu camino - Conchi Vidente, Psic\u00f3loga del Alma","isPartOf":{"@id":"https:\/\/www.topvidentes.com\/conchi\/#website"},"primaryImageOfPage":{"@id":"https:\/\/www.topvidentes.com\/conchi\/encuentra-tu-camino\/#primaryimage"},"image":{"@id":"https:\/\/www.topvidentes.com\/conchi\/encuentra-tu-camino\/#primaryimage"},"thumbnailUrl":"https:\/\/www.topvidentes.com\/conchi\/wp-content\/uploads\/2017\/05\/conchi-tarot.jpg","datePublished":"2017-05-13T11:10:15+00:00","dateModified":"2020-02-24T15:19:09+00:00","breadcrumb":{"@id":"https:\/\/www.topvidentes.com\/conchi\/encuentra-tu-camino\/#breadcrumb"},"inLanguage":"es","potentialAction":[{"@type":"ReadAction","target":["https:\/\/www.topvidentes.com\/conchi\/encuentra-tu-camino\/"]}]},{"@type":"ImageObject","inLanguage":"es","@id":"https:\/\/www.topvidentes.com\/conchi\/encuentra-tu-camino\/#primaryimage","url":"https:\/\/www.topvidentes.com\/conchi\/wp-content\/uploads\/2017\/05\/conchi-tarot.jpg","contentUrl":"https:\/\/www.topvidentes.com\/conchi\/wp-content\/uploads\/2017\/05\/conchi-tarot.jpg","width":600,"height":400},{"@type":"BreadcrumbList","@id":"https:\/\/www.topvidentes.com\/conchi\/encuentra-tu-camino\/#breadcrumb","itemListElement":[{"@type":"ListItem","position":1,"name":"Portada","item":"https:\/\/www.topvidentes.com\/conchi\/"},{"@type":"ListItem","position":2,"name":"Encuentra tu camino"}]},{"@type":"WebSite","@id":"https:\/\/www.topvidentes.com\/conchi\/#website","url":"https:\/\/www.topvidentes.com\/conchi\/","name":"Conchi Vidente, Psic\u00f3loga del Alma","description":"\u00bfBuscas sanar tu coraz\u00f3n?","potentialAction":[{"@type":"SearchAction","target":{"@type":"EntryPoint","urlTemplate":"https:\/\/www.topvidentes.com\/conchi\/?s={search_term_string}"},"query-input":{"@type":"PropertyValueSpecification","valueRequired":true,"valueName":"search_term_string"}}],"inLanguage":"es"}]}},"_links":{"self":[{"href":"https:\/\/www.topvidentes.com\/conchi\/wp-json\/wp\/v2\/pages\/10","targetHints":{"allow":["GET"]}}],"collection":[{"href":"https:\/\/www.topvidentes.com\/conchi\/wp-json\/wp\/v2\/pages"}],"about":[{"href":"https:\/\/www.topvidentes.com\/conchi\/wp-json\/wp\/v2\/types\/page"}],"author":[{"embeddable":true,"href":"https:\/\/www.topvidentes.com\/conchi\/wp-json\/wp\/v2\/users\/1"}],"replies":[{"embeddable":true,"href":"https:\/\/www.topvidentes.com\/conchi\/wp-json\/wp\/v2\/comments?post=10"}],"version-history":[{"count":3,"href":"https:\/\/www.topvidentes.com\/conchi\/wp-json\/wp\/v2\/pages\/10\/revisions"}],"predecessor-version":[{"id":95,"href":"https:\/\/www.topvidentes.com\/conchi\/wp-json\/wp\/v2\/pages\/10\/revisions\/95"}],"wp:attachment":[{"href":"https:\/\/www.topvidentes.com\/conchi\/wp-json\/wp\/v2\/media?parent=10"}],"curies":[{"name":"wp","href":"https:\/\/api.w.org\/{rel}","templated":true}]}}